{"id":124,"date":"2025-03-12T19:30:49","date_gmt":"2025-03-12T18:30:49","guid":{"rendered":"https:\/\/serwer1846308.home.pl\/autoinstalator\/wordpress1\/?page_id=124"},"modified":"2026-04-13T11:51:23","modified_gmt":"2026-04-13T09:51:23","slug":"stolowka","status":"publish","type":"page","link":"https:\/\/sp78.wroclaw.pl\/index.php\/stolowka\/","title":{"rendered":"Sto\u0142\u00f3wka"},"content":{"rendered":"<h3 style=\"text-align: center;\"><strong>Op\u0142ata za obiady<\/strong><\/h3>\n<p>Op\u0142ata za obiady w <strong>kwietniu<\/strong> wynosi <strong>144 z\u0142.<\/strong>( 18 dni obiadowych).<\/p>\n<p><strong>Op\u0142at\u0119 za ka\u017cdy miesi\u0105c nale\u017cy dokonywa\u0107 do 10 dnia danego miesi\u0105ca na numer konta:<\/strong><\/p>\n<p><strong>PKO BP 80 1020 5226 0000 6302 0416 4059<\/strong><\/p>\n<p>W tre\u015bci przelewu prosz\u0119 poda\u0107 imi\u0119 i nazwisko ucznia oraz klas\u0119 i miesi\u0105c, za kt\u00f3ry wnosimy op\u0142at\u0119.<\/p>\n<p>Potwierdzenie przelewu nale\u017cy przes\u0142a\u0107 na adres e-mail:\u00a0<a href=\"mailto:t.majtyka@sp78.wroclaw.pl\">anna.tomczak@sp78.wroclaw.pl<\/a><br \/>\nlub dostarczy\u0107 do intendenta pani Anny Tomczak (pok\u00f3j nr 8 na parterze).<\/p>\n<p>Wp\u0142aty prosimy dokonywa\u0107 nie wcze\u015bniej ni\u017c pierwszego dnia danego miesi\u0105ca.<\/p>\n<p>Nieobecno\u015b\u0107 dziecka na obiedzie\u00a0nale\u017cy zg\u0142osi\u0107 pani intendentce najp\u00f3\u017aniej do godz. 9.00<br \/>\nw danym dniu telefonicznie 71\u00a0798 68 65 wew. 110 lub mailowo <a href=\"mailto:anna.tomczak@sp78.wroclaw.pl\">anna.tomczak@sp78.wroclaw.pl<\/a><\/p>\n<p>Po godzinie 9.00 odpis nie b\u0119dzie uwzgl\u0119dniony.<\/p>\n<p>W przypadku zg\u0142oszonych nieobecno\u015bci w danym miesi\u0105cu, przy wp\u0142acie za kolejny miesi\u0105c nale\u017cy odliczy\u0107 kwot\u0119 za niewykorzystane wcze\u015bniej obiady.<\/p>\n<p style=\"text-align: center;\"><strong>Deklaracja obiadowa na rok szkolny 2025\/2026\u00a0<\/strong><\/p>\n<p><a href=\"http:\/\/sp78.wroclaw.pl\/wp-content\/uploads\/2025\/08\/Deklaracja-obiadowa-2025.pdf\">Deklaracja obiadowa 2025<\/a><\/p>\n<p><span style=\"color: initial;\">Op\u0142ata za obiady w pa\u017adzierniku wynosi <strong>176 z\u0142.<\/strong>( 22 dni obiadowe). P\u0142atno\u015b\u0107 do <strong>10.10.202<\/strong><\/span><\/p>\n<div class=\"x14z9mp xat24cr x1lziwak x1vvkbs xtlvy1s x126k92a\">\n<div dir=\"auto\">Cena jednostkowa obiadu <strong>8 z\u0142.<\/strong><\/div>\n<\/div>\n<div class=\"x14z9mp xat24cr x1lziwak x1vvkbs xtlvy1s x126k92a\">\n<div dir=\"auto\">Warunkiem zapisu na obiady jest wype\u0142nienie deklaracji obiadowej.<\/div>\n<\/div>\n<div class=\"x14z9mp xat24cr x1lziwak x1vvkbs xtlvy1s x126k92a\">\n<div dir=\"auto\">Deklaracja dost\u0119pna dla klas I u wychowawc\u00f3w, dla pozosta\u0142ych na portierni oraz u intendentki pok 8.<\/div>\n<\/div>\n<div class=\"x14z9mp xat24cr x1lziwak x1vvkbs xtlvy1s x126k92a\"><\/div>\n<h3><\/h3>\n","protected":false},"excerpt":{"rendered":"<p>Op\u0142ata za obiady Op\u0142ata za obiady w kwietniu wynosi 144 z\u0142.( 18 dni obiadowych). Op\u0142at\u0119 za ka\u017cdy miesi\u0105c nale\u017cy dokonywa\u0107 do 10 dnia danego miesi\u0105ca na numer konta: PKO BP 80 1020 5226 0000 6302 0416 4059 W tre\u015bci przelewu prosz\u0119 poda\u0107 imi\u0119 i nazwisko ucznia oraz klas\u0119 i miesi\u0105c, za kt\u00f3ry wnosimy op\u0142at\u0119. Potwierdzenie przelewu nale\u017cy przes\u0142a\u0107 na adres e-mail:\u00a0anna.tomczak@sp78.wroclaw.pl lub dostarczy\u0107 do intendenta pani Anny Tomczak (pok\u00f3j nr 8 na parterze). Wp\u0142aty prosimy dokonywa\u0107 nie wcze\u015bniej ni\u017c pierwszego dnia danego miesi\u0105ca. Nieobecno\u015b\u0107 dziecka na obiedzie\u00a0nale\u017cy zg\u0142osi\u0107 pani intendentce najp\u00f3\u017aniej do godz. 9.00 w danym dniu telefonicznie 71\u00a0798 68 65 wew. 110 lub mailowo anna.tomczak@sp78.wroclaw.pl Po godzinie 9.00 odpis nie b\u0119dzie uwzgl\u0119dniony. W przypadku zg\u0142oszonych nieobecno\u015bci w danym miesi\u0105cu, przy wp\u0142acie za kolejny miesi\u0105c nale\u017cy odliczy\u0107 kwot\u0119 za niewykorzystane wcze\u015bniej obiady. Deklaracja obiadowa na rok szkolny 2025\/2026\u00a0 Deklaracja obiadowa 2025 Op\u0142ata za obiady w pa\u017adzierniku wynosi 176 z\u0142.( 22 dni obiadowe). P\u0142atno\u015b\u0107 do 10.10.202 Cena jednostkowa obiadu 8 z\u0142. Warunkiem zapisu na obiady jest wype\u0142nienie deklaracji obiadowej. Deklaracja dost\u0119pna dla klas I u wychowawc\u00f3w, dla pozosta\u0142ych na portierni oraz u intendentki pok 8.<\/p>\n","protected":false},"author":1,"featured_media":0,"parent":0,"menu_order":0,"comment_status":"closed","ping_status":"closed","template":"","meta":{"footnotes":""},"class_list":["post-124","page","type-page","status-publish","hentry"],"_links":{"self":[{"href":"https:\/\/sp78.wroclaw.pl\/index.php\/wp-json\/wp\/v2\/pages\/124","targetHints":{"allow":["GET"]}}],"collection":[{"href":"https:\/\/sp78.wroclaw.pl\/index.php\/wp-json\/wp\/v2\/pages"}],"about":[{"href":"https:\/\/sp78.wroclaw.pl\/index.php\/wp-json\/wp\/v2\/types\/page"}],"author":[{"embeddable":true,"href":"https:\/\/sp78.wroclaw.pl\/index.php\/wp-json\/wp\/v2\/users\/1"}],"replies":[{"embeddable":true,"href":"https:\/\/sp78.wroclaw.pl\/index.php\/wp-json\/wp\/v2\/comments?post=124"}],"version-history":[{"count":16,"href":"https:\/\/sp78.wroclaw.pl\/index.php\/wp-json\/wp\/v2\/pages\/124\/revisions"}],"predecessor-version":[{"id":3176,"href":"https:\/\/sp78.wroclaw.pl\/index.php\/wp-json\/wp\/v2\/pages\/124\/revisions\/3176"}],"wp:attachment":[{"href":"https:\/\/sp78.wroclaw.pl\/index.php\/wp-json\/wp\/v2\/media?parent=124"}],"curies":[{"name":"wp","href":"https:\/\/api.w.org\/{rel}","templated":true}]}}